{"id":299,"date":"2022-08-01T20:28:02","date_gmt":"2022-08-01T23:28:02","guid":{"rendered":"http:\/\/fabiodacosta.com\/?page_id=299"},"modified":"2022-08-01T21:33:51","modified_gmt":"2022-08-02T00:33:51","slug":"pagina-inicial","status":"publish","type":"page","link":"https:\/\/fabiodacosta.com\/","title":{"rendered":"P\u00e1gina inicial"},"content":{"rendered":"\n<p>Bem-vindo(a) ao seu site! Est\u00e1 \u00e9 sua p\u00e1gina inicial, que \u00e9 a p\u00e1gina que a maioria dos visitantes vai ver quando acessarem o seu site pela primeira vez.<\/p>\n","protected":false},"excerpt":{"rendered":"<p>Bem-vindo(a) ao seu site! Est\u00e1 \u00e9 sua p\u00e1gina inicial, que \u00e9 a p\u00e1gina que a maioria dos visitantes vai ver quando acessarem o seu site pela primeira vez.<\/p>\n","protected":false},"author":1,"featured_media":0,"parent":0,"menu_order":0,"comment_status":"closed","ping_status":"closed","template":"templates\/portfolio.php","meta":{"footnotes":""},"class_list":["post-299","page","type-page","status-publish","hentry","missing-thumbnail"],"jetpack-related-posts":[],"_links":{"self":[{"href":"https:\/\/fabiodacosta.com\/index.php\/wp-json\/wp\/v2\/pages\/299","targetHints":{"allow":["GET"]}}],"collection":[{"href":"https:\/\/fabiodacosta.com\/index.php\/wp-json\/wp\/v2\/pages"}],"about":[{"href":"https:\/\/fabiodacosta.com\/index.php\/wp-json\/wp\/v2\/types\/page"}],"author":[{"embeddable":true,"href":"https:\/\/fabiodacosta.com\/index.php\/wp-json\/wp\/v2\/users\/1"}],"replies":[{"embeddable":true,"href":"https:\/\/fabiodacosta.com\/index.php\/wp-json\/wp\/v2\/comments?post=299"}],"version-history":[{"count":1,"href":"https:\/\/fabiodacosta.com\/index.php\/wp-json\/wp\/v2\/pages\/299\/revisions"}],"predecessor-version":[{"id":303,"href":"https:\/\/fabiodacosta.com\/index.php\/wp-json\/wp\/v2\/pages\/299\/revisions\/303"}],"wp:attachment":[{"href":"https:\/\/fabiodacosta.com\/index.php\/wp-json\/wp\/v2\/media?parent=299"}],"curies":[{"name":"wp","href":"https:\/\/api.w.org\/{rel}","templated":true}]}}